{"id":2,"date":"2011-09-06T08:32:33","date_gmt":"2011-09-06T08:32:33","guid":{"rendered":"http:\/\/fredericbayol.com\/2011usa\/\/?page_id=2"},"modified":"2011-09-06T10:06:54","modified_gmt":"2011-09-06T08:06:54","slug":"about","status":"publish","type":"page","link":"https:\/\/usa2011.fredericbayol.com\/?page_id=2","title":{"rendered":"A propos"},"content":{"rendered":"<p>Ceci est le blog d\u00e9di\u00e9 \u00e0 notre voyage dans l&rsquo;ouest am\u00e9ricain du 21\/09\/2011 au 14\/10\/2011.<\/p>\n<p>En esp\u00e8rant pouvoir le mettre \u00e0 jour r\u00e9guli\u00e8rement&#8230;<\/p>\n<p>Aur\u00e9lie &amp; Fr\u00e9d\u00e9ric<\/p>\n","protected":false},"excerpt":{"rendered":"<p>Ceci est le blog d\u00e9di\u00e9 \u00e0 notre voyage dans l&rsquo;ouest am\u00e9ricain du 21\/09\/2011 au 14\/10\/2011. En esp\u00e8rant pouvoir le mettre \u00e0 jour r\u00e9guli\u00e8rement&#8230; Aur\u00e9lie &amp; Fr\u00e9d\u00e9ric<\/p>\n","protected":false},"author":1,"featured_media":0,"parent":0,"menu_order":0,"comment_status":"open","ping_status":"open","template":"","meta":{"footnotes":""},"class_list":["post-2","page","type-page","status-publish","hentry"],"_links":{"self":[{"href":"https:\/\/usa2011.fredericbayol.com\/index.php?rest_route=\/wp\/v2\/pages\/2","targetHints":{"allow":["GET"]}}],"collection":[{"href":"https:\/\/usa2011.fredericbayol.com\/index.php?rest_route=\/wp\/v2\/pages"}],"about":[{"href":"https:\/\/usa2011.fredericbayol.com\/index.php?rest_route=\/wp\/v2\/types\/page"}],"author":[{"embeddable":true,"href":"https:\/\/usa2011.fredericbayol.com\/index.php?rest_route=\/wp\/v2\/users\/1"}],"replies":[{"embeddable":true,"href":"https:\/\/usa2011.fredericbayol.com\/index.php?rest_route=%2Fwp%2Fv2%2Fcomments&post=2"}],"version-history":[{"count":2,"href":"https:\/\/usa2011.fredericbayol.com\/index.php?rest_route=\/wp\/v2\/pages\/2\/revisions"}],"predecessor-version":[{"id":13,"href":"https:\/\/usa2011.fredericbayol.com\/index.php?rest_route=\/wp\/v2\/pages\/2\/revisions\/13"}],"wp:attachment":[{"href":"https:\/\/usa2011.fredericbayol.com\/index.php?rest_route=%2Fwp%2Fv2%2Fmedia&parent=2"}],"curies":[{"name":"wp","href":"https:\/\/api.w.org\/{rel}","templated":true}]}}